{"id":761,"date":"2024-07-26T10:06:27","date_gmt":"2024-07-26T10:06:27","guid":{"rendered":"http:\/\/www.turkiyealevifederasyonu.org\/?page_id=761"},"modified":"2024-07-26T10:06:28","modified_gmt":"2024-07-26T10:06:28","slug":"eskisehir-haci-bektas-cemevi","status":"publish","type":"page","link":"http:\/\/www.turkiyealevifederasyonu.org\/?page_id=761","title":{"rendered":"Eski\u015fehir Hac\u0131 Bekta\u015f Cemevi"},"content":{"rendered":"\n<figure class=\"wp-block-image size-full is-resized\"><img loading=\"lazy\" decoding=\"async\" width=\"92\" height=\"92\" src=\"http:\/\/www.turkiyealevifederasyonu.org\/wp-content\/uploads\/2024\/07\/EKSISEHIR.jpeg\" alt=\"\" class=\"wp-image-762\" style=\"width:156px;height:auto\"\/><\/figure>\n\n\n\n<p><\/p>\n","protected":false},"excerpt":{"rendered":"","protected":false},"author":1,"featured_media":0,"parent":0,"menu_order":0,"comment_status":"closed","ping_status":"closed","template":"","meta":{"footnotes":""},"class_list":["post-761","page","type-page","status-publish","hentry"],"_links":{"self":[{"href":"http:\/\/www.turkiyealevifederasyonu.org\/index.php?rest_route=\/wp\/v2\/pages\/761","targetHints":{"allow":["GET"]}}],"collection":[{"href":"http:\/\/www.turkiyealevifederasyonu.org\/index.php?rest_route=\/wp\/v2\/pages"}],"about":[{"href":"http:\/\/www.turkiyealevifederasyonu.org\/index.php?rest_route=\/wp\/v2\/types\/page"}],"author":[{"embeddable":true,"href":"http:\/\/www.turkiyealevifederasyonu.org\/index.php?rest_route=\/wp\/v2\/users\/1"}],"replies":[{"embeddable":true,"href":"http:\/\/www.turkiyealevifederasyonu.org\/index.php?rest_route=%2Fwp%2Fv2%2Fcomments&post=761"}],"version-history":[{"count":1,"href":"http:\/\/www.turkiyealevifederasyonu.org\/index.php?rest_route=\/wp\/v2\/pages\/761\/revisions"}],"predecessor-version":[{"id":763,"href":"http:\/\/www.turkiyealevifederasyonu.org\/index.php?rest_route=\/wp\/v2\/pages\/761\/revisions\/763"}],"wp:attachment":[{"href":"http:\/\/www.turkiyealevifederasyonu.org\/index.php?rest_route=%2Fwp%2Fv2%2Fmedia&parent=761"}],"curies":[{"name":"wp","href":"https:\/\/api.w.org\/{rel}","templated":true}]}}