{"id":743,"date":"2024-07-26T09:42:33","date_gmt":"2024-07-26T09:42:33","guid":{"rendered":"http:\/\/www.turkiyealevifederasyonu.org\/?page_id=743"},"modified":"2024-07-26T09:42:34","modified_gmt":"2024-07-26T09:42:34","slug":"bozatli-hizir-cemevi","status":"publish","type":"page","link":"http:\/\/www.turkiyealevifederasyonu.org\/?page_id=743","title":{"rendered":"Bozatl\u0131 H\u0131z\u0131r Cemevi"},"content":{"rendered":"\n<figure class=\"wp-block-image size-full is-resized\"><img loading=\"lazy\" decoding=\"async\" width=\"952\" height=\"960\" src=\"http:\/\/www.turkiyealevifederasyonu.org\/wp-content\/uploads\/2024\/07\/Bozatli-Hizir-Cemevi.jpg\" alt=\"\" class=\"wp-image-744\" style=\"width:734px;height:auto\" srcset=\"http:\/\/www.turkiyealevifederasyonu.org\/wp-content\/uploads\/2024\/07\/Bozatli-Hizir-Cemevi.jpg 952w, http:\/\/www.turkiyealevifederasyonu.org\/wp-content\/uploads\/2024\/07\/Bozatli-Hizir-Cemevi-298x300.jpg 298w, http:\/\/www.turkiyealevifederasyonu.org\/wp-content\/uploads\/2024\/07\/Bozatli-Hizir-Cemevi-150x150.jpg 150w, http:\/\/www.turkiyealevifederasyonu.org\/wp-content\/uploads\/2024\/07\/Bozatli-Hizir-Cemevi-768x774.jpg 768w\" sizes=\"auto, (max-width: 952px) 100vw, 952px\" \/><\/figure>\n","protected":false},"excerpt":{"rendered":"","protected":false},"author":1,"featured_media":0,"parent":0,"menu_order":0,"comment_status":"closed","ping_status":"closed","template":"","meta":{"footnotes":""},"class_list":["post-743","page","type-page","status-publish","hentry"],"_links":{"self":[{"href":"http:\/\/www.turkiyealevifederasyonu.org\/index.php?rest_route=\/wp\/v2\/pages\/743","targetHints":{"allow":["GET"]}}],"collection":[{"href":"http:\/\/www.turkiyealevifederasyonu.org\/index.php?rest_route=\/wp\/v2\/pages"}],"about":[{"href":"http:\/\/www.turkiyealevifederasyonu.org\/index.php?rest_route=\/wp\/v2\/types\/page"}],"author":[{"embeddable":true,"href":"http:\/\/www.turkiyealevifederasyonu.org\/index.php?rest_route=\/wp\/v2\/users\/1"}],"replies":[{"embeddable":true,"href":"http:\/\/www.turkiyealevifederasyonu.org\/index.php?rest_route=%2Fwp%2Fv2%2Fcomments&post=743"}],"version-history":[{"count":1,"href":"http:\/\/www.turkiyealevifederasyonu.org\/index.php?rest_route=\/wp\/v2\/pages\/743\/revisions"}],"predecessor-version":[{"id":745,"href":"http:\/\/www.turkiyealevifederasyonu.org\/index.php?rest_route=\/wp\/v2\/pages\/743\/revisions\/745"}],"wp:attachment":[{"href":"http:\/\/www.turkiyealevifederasyonu.org\/index.php?rest_route=%2Fwp%2Fv2%2Fmedia&parent=743"}],"curies":[{"name":"wp","href":"https:\/\/api.w.org\/{rel}","templated":true}]}}