{"id":740,"date":"2024-07-26T09:40:49","date_gmt":"2024-07-26T09:40:49","guid":{"rendered":"http:\/\/www.turkiyealevifederasyonu.org\/?page_id=740"},"modified":"2024-07-26T09:40:49","modified_gmt":"2024-07-26T09:40:49","slug":"beylikduzu-haci-bektasi-veli-dernegi","status":"publish","type":"page","link":"http:\/\/www.turkiyealevifederasyonu.org\/?page_id=740","title":{"rendered":"Beylikd\u00fcz\u00fc Hac\u0131 Bekta\u015fi Veli Derne\u011fi"},"content":{"rendered":"\n<figure class=\"wp-block-image size-full is-style-default\"><img loading=\"lazy\" decoding=\"async\" width=\"612\" height=\"612\" src=\"http:\/\/www.turkiyealevifederasyonu.org\/wp-content\/uploads\/2024\/07\/Beylikduzu-Haci-Bektasi-Veli-Dernegi.jpg\" alt=\"\" class=\"wp-image-741\" srcset=\"http:\/\/www.turkiyealevifederasyonu.org\/wp-content\/uploads\/2024\/07\/Beylikduzu-Haci-Bektasi-Veli-Dernegi.jpg 612w, http:\/\/www.turkiyealevifederasyonu.org\/wp-content\/uploads\/2024\/07\/Beylikduzu-Haci-Bektasi-Veli-Dernegi-300x300.jpg 300w, http:\/\/www.turkiyealevifederasyonu.org\/wp-content\/uploads\/2024\/07\/Beylikduzu-Haci-Bektasi-Veli-Dernegi-150x150.jpg 150w, http:\/\/www.turkiyealevifederasyonu.org\/wp-content\/uploads\/2024\/07\/Beylikduzu-Haci-Bektasi-Veli-Dernegi-230x230.jpg 230w, http:\/\/www.turkiyealevifederasyonu.org\/wp-content\/uploads\/2024\/07\/Beylikduzu-Haci-Bektasi-Veli-Dernegi-365x365.jpg 365w\" sizes=\"auto, (max-width: 612px) 100vw, 612px\" \/><\/figure>\n","protected":false},"excerpt":{"rendered":"","protected":false},"author":1,"featured_media":0,"parent":0,"menu_order":0,"comment_status":"closed","ping_status":"closed","template":"","meta":{"footnotes":""},"class_list":["post-740","page","type-page","status-publish","hentry"],"_links":{"self":[{"href":"http:\/\/www.turkiyealevifederasyonu.org\/index.php?rest_route=\/wp\/v2\/pages\/740","targetHints":{"allow":["GET"]}}],"collection":[{"href":"http:\/\/www.turkiyealevifederasyonu.org\/index.php?rest_route=\/wp\/v2\/pages"}],"about":[{"href":"http:\/\/www.turkiyealevifederasyonu.org\/index.php?rest_route=\/wp\/v2\/types\/page"}],"author":[{"embeddable":true,"href":"http:\/\/www.turkiyealevifederasyonu.org\/index.php?rest_route=\/wp\/v2\/users\/1"}],"replies":[{"embeddable":true,"href":"http:\/\/www.turkiyealevifederasyonu.org\/index.php?rest_route=%2Fwp%2Fv2%2Fcomments&post=740"}],"version-history":[{"count":1,"href":"http:\/\/www.turkiyealevifederasyonu.org\/index.php?rest_route=\/wp\/v2\/pages\/740\/revisions"}],"predecessor-version":[{"id":742,"href":"http:\/\/www.turkiyealevifederasyonu.org\/index.php?rest_route=\/wp\/v2\/pages\/740\/revisions\/742"}],"wp:attachment":[{"href":"http:\/\/www.turkiyealevifederasyonu.org\/index.php?rest_route=%2Fwp%2Fv2%2Fmedia&parent=740"}],"curies":[{"name":"wp","href":"https:\/\/api.w.org\/{rel}","templated":true}]}}