{"id":737,"date":"2024-07-26T09:31:56","date_gmt":"2024-07-26T09:31:56","guid":{"rendered":"http:\/\/www.turkiyealevifederasyonu.org\/?page_id=737"},"modified":"2024-07-26T09:31:57","modified_gmt":"2024-07-26T09:31:57","slug":"basaksehir-guvercintepe-cemevi","status":"publish","type":"page","link":"http:\/\/www.turkiyealevifederasyonu.org\/?page_id=737","title":{"rendered":"Ba\u015fak\u015fehir G\u00fcvercintepe Cemevi"},"content":{"rendered":"\n<figure class=\"wp-block-gallery has-nested-images columns-default is-cropped wp-block-gallery-1 is-layout-flex wp-block-gallery-is-layout-flex\">\n<figure class=\"wp-block-image size-large\"><img loading=\"lazy\" decoding=\"async\" width=\"960\" height=\"960\" data-id=\"738\" src=\"http:\/\/www.turkiyealevifederasyonu.org\/wp-content\/uploads\/2024\/07\/guvercintepe.jpg\" alt=\"\" class=\"wp-image-738\" srcset=\"http:\/\/www.turkiyealevifederasyonu.org\/wp-content\/uploads\/2024\/07\/guvercintepe.jpg 960w, http:\/\/www.turkiyealevifederasyonu.org\/wp-content\/uploads\/2024\/07\/guvercintepe-300x300.jpg 300w, http:\/\/www.turkiyealevifederasyonu.org\/wp-content\/uploads\/2024\/07\/guvercintepe-150x150.jpg 150w, http:\/\/www.turkiyealevifederasyonu.org\/wp-content\/uploads\/2024\/07\/guvercintepe-768x768.jpg 768w, http:\/\/www.turkiyealevifederasyonu.org\/wp-content\/uploads\/2024\/07\/guvercintepe-230x230.jpg 230w, http:\/\/www.turkiyealevifederasyonu.org\/wp-content\/uploads\/2024\/07\/guvercintepe-365x365.jpg 365w\" sizes=\"auto, (max-width: 960px) 100vw, 960px\" \/><\/figure>\n<\/figure>\n\n\n\n<p class=\"has-black-color has-text-color has-link-color wp-elements-1d54dafc08aa369066298da6aaba04cf\"><a href=\"https:\/\/www.google.com\/search?sca_esv=7d41e6a1da68bbf8&amp;rlz=1C1FKPE_trTR1097TR1097&amp;sxsrf=ADLYWIJfykLQpheuaTp3cLXyqXXNARRRIQ:1721986242807&amp;q=hac%C4%B1+bekta%C5%9F%C4%B1+veli+cemevi+adres&amp;ludocid=213547784117964042&amp;sa=X&amp;ved=2ahUKEwiA473SssSHAxVTwAIHHQ4YB_0Q6BN6BAgdEAI\">Adres<\/a>:&nbsp;<\/p>\n\n\n\n<p class=\"has-black-color has-text-color has-link-color wp-elements-c9adb52c35295f7a1a2ff6e4cba1d651\"><a href=\"https:\/\/www.google.com\/maps\/place\/\/data=!4m2!3m1!1s0x14caa6028e58bdd5:0x2f6ac9406ec4d0a?sa=X&amp;ved=1t:8290&amp;ictx=111\">G\u00fcvercintepe, 34494 Ba\u015fak\u015fehir\/\u0130stanbul<\/a><\/p>\n\n\n\n<p><\/p>\n","protected":false},"excerpt":{"rendered":"<p>Adres:&nbsp; G\u00fcvercintepe, 34494 Ba\u015fak\u015fehir\/\u0130stanbul<\/p>\n","protected":false},"author":1,"featured_media":0,"parent":0,"menu_order":0,"comment_status":"closed","ping_status":"closed","template":"","meta":{"footnotes":""},"class_list":["post-737","page","type-page","status-publish","hentry"],"_links":{"self":[{"href":"http:\/\/www.turkiyealevifederasyonu.org\/index.php?rest_route=\/wp\/v2\/pages\/737","targetHints":{"allow":["GET"]}}],"collection":[{"href":"http:\/\/www.turkiyealevifederasyonu.org\/index.php?rest_route=\/wp\/v2\/pages"}],"about":[{"href":"http:\/\/www.turkiyealevifederasyonu.org\/index.php?rest_route=\/wp\/v2\/types\/page"}],"author":[{"embeddable":true,"href":"http:\/\/www.turkiyealevifederasyonu.org\/index.php?rest_route=\/wp\/v2\/users\/1"}],"replies":[{"embeddable":true,"href":"http:\/\/www.turkiyealevifederasyonu.org\/index.php?rest_route=%2Fwp%2Fv2%2Fcomments&post=737"}],"version-history":[{"count":1,"href":"http:\/\/www.turkiyealevifederasyonu.org\/index.php?rest_route=\/wp\/v2\/pages\/737\/revisions"}],"predecessor-version":[{"id":739,"href":"http:\/\/www.turkiyealevifederasyonu.org\/index.php?rest_route=\/wp\/v2\/pages\/737\/revisions\/739"}],"wp:attachment":[{"href":"http:\/\/www.turkiyealevifederasyonu.org\/index.php?rest_route=%2Fwp%2Fv2%2Fmedia&parent=737"}],"curies":[{"name":"wp","href":"https:\/\/api.w.org\/{rel}","templated":true}]}}