{"id":731,"date":"2024-07-26T09:29:41","date_gmt":"2024-07-26T09:29:41","guid":{"rendered":"http:\/\/www.turkiyealevifederasyonu.org\/?page_id=731"},"modified":"2024-07-26T09:29:41","modified_gmt":"2024-07-26T09:29:41","slug":"bahcesehir-canlar-cemevi","status":"publish","type":"page","link":"http:\/\/www.turkiyealevifederasyonu.org\/?page_id=731","title":{"rendered":"Bah\u00e7e\u015fehir Canlar Cemevi"},"content":{"rendered":"\n<figure class=\"wp-block-image size-full\"><img loading=\"lazy\" decoding=\"async\" width=\"617\" height=\"617\" src=\"http:\/\/www.turkiyealevifederasyonu.org\/wp-content\/uploads\/2024\/07\/bahcesehir-canlar-cemevi.jpg\" alt=\"\" class=\"wp-image-732\" srcset=\"http:\/\/www.turkiyealevifederasyonu.org\/wp-content\/uploads\/2024\/07\/bahcesehir-canlar-cemevi.jpg 617w, http:\/\/www.turkiyealevifederasyonu.org\/wp-content\/uploads\/2024\/07\/bahcesehir-canlar-cemevi-300x300.jpg 300w, http:\/\/www.turkiyealevifederasyonu.org\/wp-content\/uploads\/2024\/07\/bahcesehir-canlar-cemevi-150x150.jpg 150w, http:\/\/www.turkiyealevifederasyonu.org\/wp-content\/uploads\/2024\/07\/bahcesehir-canlar-cemevi-230x230.jpg 230w, http:\/\/www.turkiyealevifederasyonu.org\/wp-content\/uploads\/2024\/07\/bahcesehir-canlar-cemevi-365x365.jpg 365w\" sizes=\"auto, (max-width: 617px) 100vw, 617px\" \/><\/figure>\n\n\n\n<p class=\"has-black-color has-text-color has-link-color wp-elements-3f28662fd3528b8a2abe0fad58122bb2\">Adres:\u00a0<\/p>\n\n\n\n<p class=\"has-black-color has-text-color has-link-color wp-elements-b2df33d79931f3596b9e2c7d996f1748\"><a href=\"https:\/\/www.google.com\/maps\/place\/\/data=!4m2!3m1!1s0x14b559c647ca76b7:0xf6d371b41696e6f6?sa=X&amp;ved=1t:8290&amp;ictx=111\">Bah\u00e7e\u015fehir 2. K\u0131s\u0131m, AKZ\u0130RVE S\u0130TES\u0130N\u0130N ARKASI, 1. Cd. No:54, 34000 Ba\u015fak\u015fehir\/\u0130stanbul<\/a><\/p>\n\n\n\n<p class=\"has-black-color has-text-color has-link-color wp-elements-f97fe1445a4047b027d787fc81a94999\">Telefon:&nbsp;<a href=\"https:\/\/www.google.com\/search?q=Bah%C3%A7e%C5%9Fehir+Canlar+Cemevi&amp;rlz=1C1FKPE_trTR1097TR1097&amp;oq=Bah%C3%A7e%C5%9Fehir+Canlar+Cemevi&amp;gs_lcrp=EgZjaHJvbWUyDAgAEEUYORjjAhiABDINCAEQLhivARjHARiABDIHCAIQABiABDIKCAMQABiABBiiBDIKCAQQABiABBiiBDIGCAUQRRg9MgYIBhBFGD0yBggHEEUYPagCALACAQ&amp;sourceid=chrome&amp;ie=UTF-8#\">0535 663 10 48<\/a><\/p>\n\n\n\n<p><\/p>\n","protected":false},"excerpt":{"rendered":"<p>Adres:\u00a0 Bah\u00e7e\u015fehir 2. K\u0131s\u0131m, AKZ\u0130RVE S\u0130TES\u0130N\u0130N ARKASI, 1. Cd. No:54, 34000 Ba\u015fak\u015fehir\/\u0130stanbul Telefon:&nbsp;0535 663 10 48<\/p>\n","protected":false},"author":1,"featured_media":0,"parent":0,"menu_order":0,"comment_status":"closed","ping_status":"closed","template":"","meta":{"footnotes":""},"class_list":["post-731","page","type-page","status-publish","hentry"],"_links":{"self":[{"href":"http:\/\/www.turkiyealevifederasyonu.org\/index.php?rest_route=\/wp\/v2\/pages\/731","targetHints":{"allow":["GET"]}}],"collection":[{"href":"http:\/\/www.turkiyealevifederasyonu.org\/index.php?rest_route=\/wp\/v2\/pages"}],"about":[{"href":"http:\/\/www.turkiyealevifederasyonu.org\/index.php?rest_route=\/wp\/v2\/types\/page"}],"author":[{"embeddable":true,"href":"http:\/\/www.turkiyealevifederasyonu.org\/index.php?rest_route=\/wp\/v2\/users\/1"}],"replies":[{"embeddable":true,"href":"http:\/\/www.turkiyealevifederasyonu.org\/index.php?rest_route=%2Fwp%2Fv2%2Fcomments&post=731"}],"version-history":[{"count":1,"href":"http:\/\/www.turkiyealevifederasyonu.org\/index.php?rest_route=\/wp\/v2\/pages\/731\/revisions"}],"predecessor-version":[{"id":733,"href":"http:\/\/www.turkiyealevifederasyonu.org\/index.php?rest_route=\/wp\/v2\/pages\/731\/revisions\/733"}],"wp:attachment":[{"href":"http:\/\/www.turkiyealevifederasyonu.org\/index.php?rest_route=%2Fwp%2Fv2%2Fmedia&parent=731"}],"curies":[{"name":"wp","href":"https:\/\/api.w.org\/{rel}","templated":true}]}}