{"id":709,"date":"2024-07-26T08:43:57","date_gmt":"2024-07-26T08:43:57","guid":{"rendered":"http:\/\/www.turkiyealevifederasyonu.org\/?page_id=709"},"modified":"2024-07-26T09:25:15","modified_gmt":"2024-07-26T09:25:15","slug":"bagcilar-cemevi","status":"publish","type":"page","link":"http:\/\/www.turkiyealevifederasyonu.org\/?page_id=709","title":{"rendered":"Ba\u011fc\u0131lar Cemevi"},"content":{"rendered":"\n<figure class=\"wp-block-image size-full is-resized\"><img loading=\"lazy\" decoding=\"async\" width=\"772\" height=\"252\" src=\"http:\/\/www.turkiyealevifederasyonu.org\/wp-content\/uploads\/2024\/07\/bagcilarcemevi-iletisim-9.png\" alt=\"\" class=\"wp-image-710\" style=\"width:1113px;height:auto\" srcset=\"http:\/\/www.turkiyealevifederasyonu.org\/wp-content\/uploads\/2024\/07\/bagcilarcemevi-iletisim-9.png 772w, http:\/\/www.turkiyealevifederasyonu.org\/wp-content\/uploads\/2024\/07\/bagcilarcemevi-iletisim-9-300x98.png 300w, http:\/\/www.turkiyealevifederasyonu.org\/wp-content\/uploads\/2024\/07\/bagcilarcemevi-iletisim-9-768x251.png 768w\" sizes=\"auto, (max-width: 772px) 100vw, 772px\" \/><\/figure>\n\n\n\n<p><a href=\"https:\/\/istanbulalevitoplumu.com\/iletisim\/\"><strong>Ba\u011fc\u0131lar Cemevi<\/strong><\/a>&nbsp;1993 y\u0131l\u0131nda kurulmu\u015f olup 1997 y\u0131l\u0131nda temeli at\u0131l\u0131p 2001 y\u0131l\u0131nda hizmete ba\u015flam\u0131\u015ft\u0131r.<\/p>\n\n\n\n<p>Ba\u011fc\u0131lar cemevi alt\u0131 katl\u0131 her kat\u0131 1200 metre\u00b2 den olu\u015fmaktad\u0131r giri\u015f kat\u0131m\u0131z cenaze kat\u0131 ve kafeteryadan olu\u015fmaktad\u0131r.<\/p>\n\n\n\n<p>Birinci kat\u0131m\u0131z ayn\u0131 anda 700 ki\u015finin oturup lokmalar\u0131n\u0131 yediye yedikleri yemekhane kat\u0131m\u0131zd\u0131r. \u0130kinci kat\u0131m\u0131z ve \u00fc\u00e7\u00fcnc\u00fc kat\u0131m\u0131z e\u011fitim k\u00fclt\u00fcr kurslar\u0131m\u0131z tiyatro salonlar\u0131m\u0131z ve konferans salonumuzdan olu\u015fmaktad\u0131r. En \u00fcst kat\u0131m\u0131z 1500 ki\u015finin oturabildi\u011fi cep salonumuzdan olu\u015fmaktad\u0131r.<\/p>\n\n\n\n<p>Cemevi \u2018mizin kurucusu S\u00fcleyman Keskin dedemizdir kendisi baba mansur oca\u011f\u0131nda bulup uzun y\u0131llar Avrupa\u2019da ya\u015fam\u0131\u015f T\u00fcrkiye\u2019ye kesin d\u00f6n\u00fc\u015f yapt\u0131ktan sonra hayali olan \u0130stanbul\u2019u \u00fc\u00e7 cemevlerinden biri olan&nbsp;<strong>Ba\u011fc\u0131lar Cemevi<\/strong>\u2018nin kurulu\u015funu sa\u011flam\u0131\u015ft\u0131r. Kendisi kendi binas\u0131n\u0131n alt\u0131nda hi\u00e7bir \u00fccret talep etmeden&nbsp;<strong>Cemevi<\/strong>\u2018ni kurmu\u015f ve yedi sene b\u00fct\u00fcn faturalar\u0131 dahi kendi \u00f6demesi kayd\u0131yla&nbsp;<strong>Cemevi<\/strong>\u2018miz faaliyet g\u00f6stermi\u015ftir burada toplanan paralarla&nbsp;<strong>Ba\u011fc\u0131lar Cemevi<\/strong>\u2018mizin \u015fu anki arsas\u0131 yakla\u015f\u0131k 1375 metre\u00b2 yer sat\u0131n al\u0131nm\u0131\u015ft\u0131r ve \u00fczerine alt\u0131 katl\u0131 binam\u0131z in\u015fa edilmi\u015ftir.<\/p>\n","protected":false},"excerpt":{"rendered":"<p>Ba\u011fc\u0131lar Cemevi&nbsp;1993 y\u0131l\u0131nda kurulmu\u015f olup 1997 y\u0131l\u0131nda temeli at\u0131l\u0131p 2001 y\u0131l\u0131nda hizmete ba\u015flam\u0131\u015ft\u0131r. Ba\u011fc\u0131lar cemevi alt\u0131 katl\u0131 her kat\u0131 1200 metre\u00b2 den olu\u015fmaktad\u0131r giri\u015f kat\u0131m\u0131z cenaze kat\u0131 ve kafeteryadan olu\u015fmaktad\u0131r. Birinci kat\u0131m\u0131z ayn\u0131 anda 700 ki\u015finin oturup lokmalar\u0131n\u0131 yediye yedikleri<\/p>\n","protected":false},"author":1,"featured_media":711,"parent":0,"menu_order":0,"comment_status":"closed","ping_status":"closed","template":"","meta":{"footnotes":""},"class_list":["post-709","page","type-page","status-publish","has-post-thumbnail","hentry"],"_links":{"self":[{"href":"http:\/\/www.turkiyealevifederasyonu.org\/index.php?rest_route=\/wp\/v2\/pages\/709","targetHints":{"allow":["GET"]}}],"collection":[{"href":"http:\/\/www.turkiyealevifederasyonu.org\/index.php?rest_route=\/wp\/v2\/pages"}],"about":[{"href":"http:\/\/www.turkiyealevifederasyonu.org\/index.php?rest_route=\/wp\/v2\/types\/page"}],"author":[{"embeddable":true,"href":"http:\/\/www.turkiyealevifederasyonu.org\/index.php?rest_route=\/wp\/v2\/users\/1"}],"replies":[{"embeddable":true,"href":"http:\/\/www.turkiyealevifederasyonu.org\/index.php?rest_route=%2Fwp%2Fv2%2Fcomments&post=709"}],"version-history":[{"count":2,"href":"http:\/\/www.turkiyealevifederasyonu.org\/index.php?rest_route=\/wp\/v2\/pages\/709\/revisions"}],"predecessor-version":[{"id":727,"href":"http:\/\/www.turkiyealevifederasyonu.org\/index.php?rest_route=\/wp\/v2\/pages\/709\/revisions\/727"}],"wp:featuredmedia":[{"embeddable":true,"href":"http:\/\/www.turkiyealevifederasyonu.org\/index.php?rest_route=\/wp\/v2\/media\/711"}],"wp:attachment":[{"href":"http:\/\/www.turkiyealevifederasyonu.org\/index.php?rest_route=%2Fwp%2Fv2%2Fmedia&parent=709"}],"curies":[{"name":"wp","href":"https:\/\/api.w.org\/{rel}","templated":true}]}}