{"id":681,"date":"2024-07-26T07:36:08","date_gmt":"2024-07-26T07:36:08","guid":{"rendered":"http:\/\/www.turkiyealevifederasyonu.org\/?page_id=681"},"modified":"2024-07-26T09:25:33","modified_gmt":"2024-07-26T09:25:33","slug":"hakkimizda","status":"publish","type":"page","link":"http:\/\/www.turkiyealevifederasyonu.org\/?page_id=681","title":{"rendered":"Hakk\u0131m\u0131zda"},"content":{"rendered":"\n<p>T\u00fcrkiye Alevi Federasyonu, Alevi toplumunun hak ve taleplerini savunmak, Alevi k\u00fclt\u00fcr\u00fcn\u00fc ya\u015fatmak ve geli\u015ftirmek amac\u0131yla kurulmu\u015f bir sivil toplum \u00f6rg\u00fct\u00fcd\u00fcr. T\u00fcrkiye\u2019de ve Avrupa\u2019da faaliyet g\u00f6steren federasyonumuz, Alevi inanc\u0131n\u0131n tan\u0131nmas\u0131, cemevlerinin ibadethane stat\u00fcs\u00fc kazanmas\u0131, zorunlu din derslerinin kald\u0131r\u0131lmas\u0131, Alevi katliamlar\u0131n\u0131n yarg\u0131lanmas\u0131 gibi konularda m\u00fccadele etmektedir.<\/p>\n\n\n\n<p>Bu federasyonlar, Alevi kurumlar\u0131, Alevi y\u00f6re dernekleri, Alevi vak\u0131flar\u0131, Alevi ocaklar\u0131, Alevi dedeleri, Alevi sanat\u00e7\u0131lar\u0131, Alevi akademisyenleri ve Alevi gen\u00e7leri gibi farkl\u0131 kesimleri temsil etmektedir. Alevi dernekleri federasyonu, ayn\u0131 zamanda Avrupa Alevi Birlikleri Konfederasyonu\u2019nun da bir par\u00e7as\u0131d\u0131r.<\/p>\n\n\n\n<p>Federasyonumuz, Alevi toplumunun birlik, beraberlik ve dayan\u0131\u015fmas\u0131n\u0131 sa\u011flamak i\u00e7in \u00e7e\u015fitli etkinlikler d\u00fczenlemektedir. Bunlardan en \u00f6nemlisi, B\u00fcy\u00fck Alevi Kurultay\u0131\u2019d\u0131r. B\u00fcy\u00fck Alevi Kurultay\u0131, T\u00fcrkiye, Avrupa, Balkan, \u0130ran, Irak, Suriye\u2019den 10 bini a\u015fk\u0131n Alevinin, Alevi kurum y\u00f6neticilerinin, inan\u00e7 \u00f6nderlerinin, sanat\u00e7\u0131lar\u0131n, akademisyenlerin, siyasi partilerin, b\u00fcy\u00fckel\u00e7iliklerin ve sivil toplum \u00f6rg\u00fctlerinin temsilcilerinin kat\u0131ld\u0131\u011f\u0131 bir toplant\u0131d\u0131r. B\u00fcy\u00fck Alevi Kurultay\u0131, Alevi toplumunun sorunlar\u0131n\u0131, taleplerini ve \u00e7\u00f6z\u00fcm \u00f6nerilerini tart\u0131\u015fmak, Alevi kimli\u011fini ve k\u00fclt\u00fcr\u00fcn\u00fc g\u00fc\u00e7lendirmek, Alevi hak m\u00fccadelesini y\u00fckseltmek ve Alevi karde\u015fli\u011fini peki\u015ftirmek i\u00e7in d\u00fczenlenmektedir.<\/p>\n\n\n\n<p>T\u00fcrkiye Alevi federasyonu, Alevi toplumunun sesi, nefesi ve umudu olmaya devam edecektir. Alevilik, sevgi, sayg\u0131, ho\u015fg\u00f6r\u00fc, e\u015fitlik, adalet, \u00f6zg\u00fcrl\u00fck ve bar\u0131\u015f\u0131n temel de\u011ferleridir. Alevi dernekleri federasyonu, bu de\u011ferleri savunmak ve ya\u015fatmak i\u00e7in \u00e7al\u0131\u015fmaktad\u0131r. Alevi dernekleri federasyonu, Alevi toplumunun yan\u0131nda olmaya, Alevi toplumunu temsil etmeye, Alevi toplumunu bilin\u00e7lendirmeye, Alevi toplumunu \u00f6rg\u00fctlendirmeye ve Alevi toplumunu g\u00fc\u00e7lendirmeye kararl\u0131d\u0131r.<\/p>\n\n\n\n<p>Federasyonumuz, Alevi toplumunun deste\u011fi ve kat\u0131l\u0131m\u0131 ile var olmaktad\u0131r. Alevi dernekleri federasyonu, Alevi toplumunun her zaman hizmetindedir. Alevi dernekleri federasyonu, Alevi toplumunun ortak \u00e7at\u0131s\u0131d\u0131r. Alevi dernekleri federasyonu, Alevi toplumunun gelece\u011fidir.<\/p>\n\n\n\n<p>Federasyonumuz, Alevi toplumuna sayg\u0131 ve sevgi ile selamlar. Alevi dernekleri federasyonu, Alevi toplumunu can\u0131 g\u00f6n\u00fclden kucaklar. Alevi dernekleri federasyonu, Alevi toplumunu hep birlikte daha iyi yar\u0131nlara ta\u015f\u0131mak i\u00e7in \u00e7a\u011fr\u0131da bulunur.<\/p>\n\n\n\n<p><\/p>\n\n\n\n<p><\/p>\n","protected":false},"excerpt":{"rendered":"<p>T\u00fcrkiye Alevi Dernekleri Federasyonu ne i\u00e7in \u00e7al\u0131\u015f\u0131r?<\/p>\n","protected":false},"author":1,"featured_media":687,"parent":0,"menu_order":0,"comment_status":"closed","ping_status":"closed","template":"","meta":{"footnotes":""},"class_list":["post-681","page","type-page","status-publish","has-post-thumbnail","hentry"],"_links":{"self":[{"href":"http:\/\/www.turkiyealevifederasyonu.org\/index.php?rest_route=\/wp\/v2\/pages\/681","targetHints":{"allow":["GET"]}}],"collection":[{"href":"http:\/\/www.turkiyealevifederasyonu.org\/index.php?rest_route=\/wp\/v2\/pages"}],"about":[{"href":"http:\/\/www.turkiyealevifederasyonu.org\/index.php?rest_route=\/wp\/v2\/types\/page"}],"author":[{"embeddable":true,"href":"http:\/\/www.turkiyealevifederasyonu.org\/index.php?rest_route=\/wp\/v2\/users\/1"}],"replies":[{"embeddable":true,"href":"http:\/\/www.turkiyealevifederasyonu.org\/index.php?rest_route=%2Fwp%2Fv2%2Fcomments&post=681"}],"version-history":[{"count":5,"href":"http:\/\/www.turkiyealevifederasyonu.org\/index.php?rest_route=\/wp\/v2\/pages\/681\/revisions"}],"predecessor-version":[{"id":728,"href":"http:\/\/www.turkiyealevifederasyonu.org\/index.php?rest_route=\/wp\/v2\/pages\/681\/revisions\/728"}],"wp:featuredmedia":[{"embeddable":true,"href":"http:\/\/www.turkiyealevifederasyonu.org\/index.php?rest_route=\/wp\/v2\/media\/687"}],"wp:attachment":[{"href":"http:\/\/www.turkiyealevifederasyonu.org\/index.php?rest_route=%2Fwp%2Fv2%2Fmedia&parent=681"}],"curies":[{"name":"wp","href":"https:\/\/api.w.org\/{rel}","templated":true}]}}